{"id":3570,"date":"2021-05-27T14:59:23","date_gmt":"2021-05-27T12:59:23","guid":{"rendered":"https:\/\/shopwoo.fcbiel-bienne.ch\/informations-sur-lexpedition\/"},"modified":"2021-08-20T17:30:52","modified_gmt":"2021-08-20T15:30:52","slug":"informations-sur-lexpedition","status":"publish","type":"page","link":"https:\/\/shop.fcbiel-bienne.ch\/fr\/informations-sur-lexpedition\/","title":{"rendered":"Informations sur l&rsquo;exp\u00e9dition"},"content":{"rendered":"\n<p>Nous exp\u00e9dions les petits produits pour 3 CHF de frais de port, les plus gros produits pour 9 CHF. A partir d&rsquo;une valeur de marchandises de 100 CHF nous livrons gratuitement. La livraison a lieu dans toute la Suisse, apr\u00e8s accord, \u00e9galement \u00e0 l&rsquo;\u00e9tranger.<br><br>Les maillots rouge et noir sont fabriqu\u00e9s sur commande et il faut donc compter 3 \u00e0 4 semaines pour qu&rsquo;un maillot soit exp\u00e9di\u00e9.<\/p>\n","protected":false},"excerpt":{"rendered":"<p>Nous exp\u00e9dions les petits produits pour 3 CHF de frais de port, les plus gros produits pour 9 CHF. A partir d&rsquo;une valeur de marchandises de 100 CHF nous livrons gratuitement. La livraison a lieu dans toute la Suisse, apr\u00e8s accord, \u00e9galement \u00e0 l&rsquo;\u00e9tranger. Les maillots rouge et noir sont fabriqu\u00e9s sur commande et il [&hellip;]<\/p>\n","protected":false},"author":1,"featured_media":0,"parent":0,"menu_order":0,"comment_status":"closed","ping_status":"closed","template":"","meta":{"footnotes":""},"class_list":["post-3570","page","type-page","status-publish","hentry"],"_links":{"self":[{"href":"https:\/\/shop.fcbiel-bienne.ch\/fr\/wp-json\/wp\/v2\/pages\/3570","targetHints":{"allow":["GET"]}}],"collection":[{"href":"https:\/\/shop.fcbiel-bienne.ch\/fr\/wp-json\/wp\/v2\/pages"}],"about":[{"href":"https:\/\/shop.fcbiel-bienne.ch\/fr\/wp-json\/wp\/v2\/types\/page"}],"author":[{"embeddable":true,"href":"https:\/\/shop.fcbiel-bienne.ch\/fr\/wp-json\/wp\/v2\/users\/1"}],"replies":[{"embeddable":true,"href":"https:\/\/shop.fcbiel-bienne.ch\/fr\/wp-json\/wp\/v2\/comments?post=3570"}],"version-history":[{"count":0,"href":"https:\/\/shop.fcbiel-bienne.ch\/fr\/wp-json\/wp\/v2\/pages\/3570\/revisions"}],"wp:attachment":[{"href":"https:\/\/shop.fcbiel-bienne.ch\/fr\/wp-json\/wp\/v2\/media?parent=3570"}],"curies":[{"name":"wp","href":"https:\/\/api.w.org\/{rel}","templated":true}]}}