{"id":3551,"date":"2021-05-25T17:21:53","date_gmt":"2021-05-27T10:22:00","guid":{"rendered":"https:\/\/shopwoo.fcbiel-bienne.ch\/?post_type=product&#038;p=3551"},"modified":"2024-10-10T14:44:12","modified_gmt":"2024-10-10T12:44:12","slug":"necessaire","status":"publish","type":"product","link":"https:\/\/shop.fcbiel-bienne.ch\/fr\/produkt\/necessaire\/","title":{"rendered":"N\u00e9cessaire"},"content":{"rendered":"<p>[vc_row][vc_column][vc_column_text]N\u00e9cessaire[\/vc_column_text][\/vc_column][\/vc_row]<\/p>\n<ul>\n<li>BODY AND HAIRWASH &#8211; Le Gel Douche 2en1 pour le corps et les cheveux, aux essences aromatiques, ravit par sa mousse on-ctueuse. Il est le compagnon id\u00e9al pour les soins quotidiens du corps.<\/li>\n<li>DETOX 24H PURIFYING CREAM &#8211; La cr\u00e8me 24h pour le visage d\u00e9toxifie et prot\u00e8ge contre les influences n\u00e9fastes de l&rsquo;environne-ment. La peau reste hydrat\u00e9e longtemps et conserve ainsi jeunesse et souplesse.<\/li>\n<li>ENERGIZING SERUM &#8211; Le s\u00e9rum \u00e9nergisant pour le visage avec caf\u00e9ine renforce le pouvoir r\u00e9g\u00e9n\u00e9rateur naturel de la peau et l&rsquo;aide \u00e0 combattre les substances nocives.<\/li>\n<li>HAND CREAM &#8211; La cr\u00e8me pour les mains prend soin de vos mains et les prot\u00e8ge gr\u00e2ce \u00e0 ses pr\u00e9cieux composants. Elle \u00e9vite ainsi le dess\u00e8chement de la peau et veille \u00e0 ce que son hydratation naturelle soit conserv\u00e9e.<\/li>\n<li>BODY LOTION &#8211; La lotion corporelle hydrate la peau et la prot\u00e8ge des agressions ext\u00e9rieures gr\u00e2ce \u00e0 ses propri\u00e9t\u00e9s nourrissantes.<\/li>\n<\/ul>\n","protected":false},"excerpt":{"rendered":"<p>[vc_row][vc_column][vc_column_text]N\u00e9cessaire[\/vc_column_text][\/vc_column][\/vc_row] BODY AND HAIRWASH &#8211; Le Gel Douche 2en1 pour le corps et les cheveux, aux essences aromatiques, ravit par sa mousse on-ctueuse. Il est le compagnon id\u00e9al pour les soins quotidiens du corps. DETOX 24H PURIFYING CREAM &#8211; La cr\u00e8me 24h pour le visage d\u00e9toxifie et prot\u00e8ge contre les influences n\u00e9fastes de l&rsquo;environne-ment. La [&hellip;]<\/p>\n","protected":false},"featured_media":4018,"template":"","meta":[],"product_brand":[],"product_cat":[124],"product_tag":[],"class_list":{"0":"post-3551","1":"product","2":"type-product","3":"status-publish","4":"has-post-thumbnail","6":"product_cat-divers","7":"product_shipping_class-normal-fr","9":"first","10":"instock","11":"sale","12":"shipping-taxable","13":"purchasable","14":"product-type-simple"},"_links":{"self":[{"href":"https:\/\/shop.fcbiel-bienne.ch\/fr\/wp-json\/wp\/v2\/product\/3551","targetHints":{"allow":["GET"]}}],"collection":[{"href":"https:\/\/shop.fcbiel-bienne.ch\/fr\/wp-json\/wp\/v2\/product"}],"about":[{"href":"https:\/\/shop.fcbiel-bienne.ch\/fr\/wp-json\/wp\/v2\/types\/product"}],"wp:featuredmedia":[{"embeddable":true,"href":"https:\/\/shop.fcbiel-bienne.ch\/fr\/wp-json\/wp\/v2\/media\/4018"}],"wp:attachment":[{"href":"https:\/\/shop.fcbiel-bienne.ch\/fr\/wp-json\/wp\/v2\/media?parent=3551"}],"wp:term":[{"taxonomy":"product_brand","embeddable":true,"href":"https:\/\/shop.fcbiel-bienne.ch\/fr\/wp-json\/wp\/v2\/product_brand?post=3551"},{"taxonomy":"product_cat","embeddable":true,"href":"https:\/\/shop.fcbiel-bienne.ch\/fr\/wp-json\/wp\/v2\/product_cat?post=3551"},{"taxonomy":"product_tag","embeddable":true,"href":"https:\/\/shop.fcbiel-bienne.ch\/fr\/wp-json\/wp\/v2\/product_tag?post=3551"}],"curies":[{"name":"wp","href":"https:\/\/api.w.org\/{rel}","templated":true}]}}